{"id":13,"date":"2018-07-04T20:31:37","date_gmt":"2018-07-04T20:31:37","guid":{"rendered":"http:\/\/princesaisabelgourmet.com.br\/restaurante\/?page_id=13"},"modified":"2024-05-29T15:32:52","modified_gmt":"2024-05-29T15:32:52","slug":"eventos","status":"publish","type":"page","link":"https:\/\/princesaisabelgourmet.com.br\/restaurante\/eventos\/","title":{"rendered":"Eventos"},"content":{"rendered":"<div class=\"su-note\"  style=\"border-color:#d7d7d7;border-radius:3px;-moz-border-radius:3px;-webkit-border-radius:3px;\"><div class=\"su-note-inner su-u-clearfix su-u-trim\" style=\"background-color:#f1f1f1;border-color:#ffffff;color:#333333;border-radius:3px;-moz-border-radius:3px;-webkit-border-radius:3px;\">\n<h2><strong>Conhe\u00e7a eventos e destaques no restaurante<\/strong><\/h2>\n<hr \/>\n<p><strong>Hor\u00e1rio de Funcionamento: <a href=\"http:\/\/princesaisabelgourmet.com.br\/restaurante\/horarios\/\">clique aqui e conhe\u00e7a nosso hor\u00e1rio de funcionamento<\/a>.<\/strong><\/p>\n<hr \/>\n<div class=\"su-table su-table-alternate\">\n<table>\n<tbody>\n<tr>\n<td><strong>Rod\u00edzio de Fondue todo dia<\/strong><\/td>\n<td><a href=\"https:\/\/www.instagram.com\/princesaisabelgourmet\/\" target=\"_blank\" rel=\"noopener\"><strong>Novidades Instagram<\/strong><\/a><\/td>\n<\/tr>\n<tr>\n<td><strong>Ambiente interno e\u00a0 varanda\u00a0<\/strong><\/td>\n<td><strong>Confira Eventos no <a href=\"https:\/\/www.instagram.com\/princesaisabelgourmet\/\">Instagram<\/a><\/strong><\/td>\n<\/tr>\n<\/tbody>\n<\/table>\n<\/div>\n<\/div><\/div>\n<h3><strong>Eventos em Destaque + recentes no Princesa Isabel Gourmet:<\/strong><\/h3>\n<a href=\"https:\/\/www.instagram.com\/princesaisabelgourmet\/\" class=\"su-button su-button-style-default\" style=\"color:#FFFFFF;background-color:#ef502d;border-color:#c04024;border-radius:7px\" target=\"_blank\" rel=\"noopener noreferrer\"><span style=\"color:#FFFFFF;padding:7px 20px;font-size:16px;line-height:24px;border-color:#f4856c;border-radius:7px;text-shadow:none\"><i class=\"sui sui-instagram\" style=\"font-size:16px;color:#FFFFFF\"><\/i> Acesse nosso Instagram<\/span><\/a>\n<h3><strong>Destaque no Princesa Isabel Gourmet:<\/strong><\/h3>\n<p>&nbsp;<\/p>\n<p><a href=\"https:\/\/www.instagram.com\/princesaisabelgourmet\/\" target=\"_blank\" rel=\"noopener noreferrer\"><img loading=\"lazy\" decoding=\"async\" class=\"aligncenter wp-image-326 size-large\" src=\"http:\/\/princesaisabelgourmet.com.br\/restaurante\/wp-content\/uploads\/2018\/07\/banner_fondue-1024x358.jpeg\" alt=\"Rodizio de fondue em Petr\u00f3polis\" width=\"870\" height=\"304\" srcset=\"https:\/\/princesaisabelgourmet.com.br\/restaurante\/wp-content\/uploads\/2018\/07\/banner_fondue-1024x358.jpeg 1024w, https:\/\/princesaisabelgourmet.com.br\/restaurante\/wp-content\/uploads\/2018\/07\/banner_fondue-300x105.jpeg 300w, https:\/\/princesaisabelgourmet.com.br\/restaurante\/wp-content\/uploads\/2018\/07\/banner_fondue-768x268.jpeg 768w, https:\/\/princesaisabelgourmet.com.br\/restaurante\/wp-content\/uploads\/2018\/07\/banner_fondue.jpeg 1280w\" sizes=\"auto, (max-width: 870px) 100vw, 870px\" \/><\/a><\/p>\n\t\t<div id=\"instagram-gallery-feed-4\" class=\"instagram-gallery-feed\" data-feed=\"{&quot;id&quot;:4,&quot;account_id&quot;:&quot;17841407111129041&quot;,&quot;source&quot;:&quot;username&quot;,&quot;tag&quot;:&quot;PrincesaIsabelGourmetEventos&quot;,&quot;order_by&quot;:&quot;top_media&quot;,&quot;layout&quot;:&quot;gallery&quot;,&quot;limit&quot;:50,&quot;columns&quot;:3,&quot;spacing&quot;:0,&quot;lazy&quot;:false,&quot;responsive&quot;:{&quot;desktop&quot;:{&quot;columns&quot;:3,&quot;spacing&quot;:10},&quot;tablet&quot;:{&quot;columns&quot;:2,&quot;spacing&quot;:8},&quot;mobile&quot;:{&quot;columns&quot;:1,&quot;spacing&quot;:6},&quot;breakpoints&quot;:{&quot;tablet&quot;:768,&quot;mobile&quot;:480}},&quot;aspect_ratio&quot;:{&quot;width&quot;:1,&quot;height&quot;:1},&quot;highlight&quot;:{&quot;tag&quot;:&quot;&quot;,&quot;id&quot;:&quot;&quot;,&quot;position&quot;:&quot;&quot;},&quot;reel&quot;:{&quot;hide&quot;:false},&quot;copyright&quot;:{&quot;hide&quot;:false,&quot;placeholder&quot;:&quot;&quot;},&quot;profile&quot;:{&quot;display&quot;:false,&quot;username&quot;:&quot;&quot;,&quot;nickname&quot;:&quot;&quot;,&quot;website&quot;:&quot;&quot;,&quot;biography&quot;:&quot;&quot;,&quot;link_text&quot;:&quot;Follow&quot;,&quot;website_text&quot;:&quot;Website&quot;,&quot;avatar&quot;:&quot;&quot;},&quot;box&quot;:{&quot;display&quot;:false,&quot;padding&quot;:1,&quot;radius&quot;:0,&quot;background&quot;:&quot;#fefefe&quot;,&quot;profile&quot;:false,&quot;desc&quot;:&quot;&quot;,&quot;text_color&quot;:&quot;#000000&quot;},&quot;mask&quot;:{&quot;display&quot;:true,&quot;background&quot;:&quot;&quot;,&quot;icon_color&quot;:&quot;#ffffff&quot;,&quot;likes_count&quot;:true,&quot;comments_count&quot;:true},&quot;card&quot;:{&quot;display&quot;:false,&quot;radius&quot;:1,&quot;font_size&quot;:12,&quot;background&quot;:&quot;#ffffff&quot;,&quot;background_hover&quot;:&quot;&quot;,&quot;text_color&quot;:&quot;#000000&quot;,&quot;padding&quot;:5,&quot;likes_count&quot;:true,&quot;text_length&quot;:10,&quot;comments_count&quot;:true,&quot;text_align&quot;:&quot;left&quot;},&quot;carousel&quot;:{&quot;centered_slides&quot;:false,&quot;autoplay&quot;:true,&quot;autoplay_interval&quot;:3000,&quot;navarrows&quot;:true,&quot;navarrows_color&quot;:&quot;&quot;,&quot;pagination&quot;:true,&quot;pagination_color&quot;:&quot;&quot;},&quot;modal&quot;:{&quot;display&quot;:true,&quot;profile&quot;:false,&quot;media_description&quot;:true,&quot;likes_count&quot;:true,&quot;comments_count&quot;:true,&quot;comments_list&quot;:false,&quot;text_align&quot;:&quot;left&quot;,&quot;modal_align&quot;:&quot;right&quot;,&quot;text_length&quot;:10000,&quot;font_size&quot;:12},&quot;button&quot;:{&quot;display&quot;:true,&quot;text&quot;:&quot;View on Instagram&quot;,&quot;text_color&quot;:&quot;#ffff&quot;,&quot;background&quot;:&quot;&quot;,&quot;background_hover&quot;:&quot;&quot;},&quot;button_load&quot;:{&quot;display&quot;:false,&quot;text&quot;:&quot;Load more...&quot;,&quot;text_color&quot;:&quot;#ffff&quot;,&quot;background&quot;:&quot;&quot;,&quot;background_hover&quot;:&quot;&quot;}}\">\n\t\t<!-- <FeedContainer\/> -->\n\t\t<\/div>\n\t\t\n","protected":false},"excerpt":{"rendered":"<p>Rod\u00edzio de Fondue, cervejas e drinks artesanais, confira nossa programa\u00e7\u00e3o e o nosso delicioso menu e aproveite!<\/p>\n","protected":false},"author":1,"featured_media":890,"parent":0,"menu_order":0,"comment_status":"closed","ping_status":"closed","template":"page-templates\/template-services.php","meta":{"footnotes":"","_links_to":"","_links_to_target":""},"class_list":["post-13","page","type-page","status-publish","has-post-thumbnail","hentry"],"_links":{"self":[{"href":"https:\/\/princesaisabelgourmet.com.br\/restaurante\/wp-json\/wp\/v2\/pages\/13","targetHints":{"allow":["GET"]}}],"collection":[{"href":"https:\/\/princesaisabelgourmet.com.br\/restaurante\/wp-json\/wp\/v2\/pages"}],"about":[{"href":"https:\/\/princesaisabelgourmet.com.br\/restaurante\/wp-json\/wp\/v2\/types\/page"}],"author":[{"embeddable":true,"href":"https:\/\/princesaisabelgourmet.com.br\/restaurante\/wp-json\/wp\/v2\/users\/1"}],"replies":[{"embeddable":true,"href":"https:\/\/princesaisabelgourmet.com.br\/restaurante\/wp-json\/wp\/v2\/comments?post=13"}],"version-history":[{"count":50,"href":"https:\/\/princesaisabelgourmet.com.br\/restaurante\/wp-json\/wp\/v2\/pages\/13\/revisions"}],"predecessor-version":[{"id":994,"href":"https:\/\/princesaisabelgourmet.com.br\/restaurante\/wp-json\/wp\/v2\/pages\/13\/revisions\/994"}],"wp:featuredmedia":[{"embeddable":true,"href":"https:\/\/princesaisabelgourmet.com.br\/restaurante\/wp-json\/wp\/v2\/media\/890"}],"wp:attachment":[{"href":"https:\/\/princesaisabelgourmet.com.br\/restaurante\/wp-json\/wp\/v2\/media?parent=13"}],"curies":[{"name":"wp","href":"https:\/\/api.w.org\/{rel}","templated":true}]}}