{"id":125,"date":"2018-07-04T22:28:42","date_gmt":"2018-07-04T22:28:42","guid":{"rendered":"http:\/\/princesaisabelgourmet.com.br\/restaurante\/?page_id=125"},"modified":"2023-03-29T19:37:58","modified_gmt":"2023-03-29T19:37:58","slug":"que-tal-um-fondue-com-vinho","status":"publish","type":"page","link":"https:\/\/princesaisabelgourmet.com.br\/restaurante\/que-tal-um-fondue-com-vinho\/","title":{"rendered":"Que tal Fondue e Vinho?"},"content":{"rendered":"<p>Re\u00fana a fam\u00edlia ou chame seus amigos e venha degustar o melhor fondue su\u00ed\u00e7o na pedra ou fondue tradicional em Petr\u00f3polis!<\/p>\n","protected":false},"excerpt":{"rendered":"<p>Re\u00fana a fam\u00edlia ou chame seus amigos e venha degustar o melhor fondue su\u00ed\u00e7o na pedra ou fondue tradicional em Petr\u00f3polis!<\/p>\n","protected":false},"author":1,"featured_media":919,"parent":0,"menu_order":0,"comment_status":"closed","ping_status":"closed","template":"","meta":{"footnotes":"","_links_to":"","_links_to_target":""},"class_list":["post-125","page","type-page","status-publish","has-post-thumbnail","hentry"],"_links":{"self":[{"href":"https:\/\/princesaisabelgourmet.com.br\/restaurante\/wp-json\/wp\/v2\/pages\/125","targetHints":{"allow":["GET"]}}],"collection":[{"href":"https:\/\/princesaisabelgourmet.com.br\/restaurante\/wp-json\/wp\/v2\/pages"}],"about":[{"href":"https:\/\/princesaisabelgourmet.com.br\/restaurante\/wp-json\/wp\/v2\/types\/page"}],"author":[{"embeddable":true,"href":"https:\/\/princesaisabelgourmet.com.br\/restaurante\/wp-json\/wp\/v2\/users\/1"}],"replies":[{"embeddable":true,"href":"https:\/\/princesaisabelgourmet.com.br\/restaurante\/wp-json\/wp\/v2\/comments?post=125"}],"version-history":[{"count":16,"href":"https:\/\/princesaisabelgourmet.com.br\/restaurante\/wp-json\/wp\/v2\/pages\/125\/revisions"}],"predecessor-version":[{"id":918,"href":"https:\/\/princesaisabelgourmet.com.br\/restaurante\/wp-json\/wp\/v2\/pages\/125\/revisions\/918"}],"wp:featuredmedia":[{"embeddable":true,"href":"https:\/\/princesaisabelgourmet.com.br\/restaurante\/wp-json\/wp\/v2\/media\/919"}],"wp:attachment":[{"href":"https:\/\/princesaisabelgourmet.com.br\/restaurante\/wp-json\/wp\/v2\/media?parent=125"}],"curies":[{"name":"wp","href":"https:\/\/api.w.org\/{rel}","templated":true}]}}