{"id":17,"date":"2018-07-04T20:32:06","date_gmt":"2018-07-04T20:32:06","guid":{"rendered":"http:\/\/princesaisabelgourmet.com.br\/restaurante\/?page_id=17"},"modified":"2025-06-18T17:53:12","modified_gmt":"2025-06-18T17:53:12","slug":"cardapio","status":"publish","type":"page","link":"http:\/\/princesaisabelgourmet.com.br\/restaurante\/cardapio\/","title":{"rendered":"Card\u00e1pio"},"content":{"rendered":"<div class=\"su-note\"  style=\"border-color:#d7d7d7;border-radius:3px;-moz-border-radius:3px;-webkit-border-radius:3px;\"><div class=\"su-note-inner su-u-clearfix su-u-trim\" style=\"background-color:#f1f1f1;border-color:#ffffff;color:#333333;border-radius:3px;-moz-border-radius:3px;-webkit-border-radius:3px;\">\n<h3><a href=\"http:\/\/princesaisabelgourmet.com.br\/restaurante\/wp-content\/uploads\/2025\/06\/cardapio_jun_2025.pdf\">Card\u00e1pio gourmet e bebidas selecionadas<\/a><\/h3>\n<p>Com servi\u00e7o a La Carte, nossa card\u00e1pio \u00e9 elaborado com ingredientes especiais e de primeira linha, com ambiente muito agrad\u00e1vel e amplo estacionamento gratuito.<br \/>\nTemos Chopp artesanal\u00a0 e ampla carta de vinhos, para acompanhar todo o nosso menu.<br \/>\nFa\u00e7a contato conosco atrav\u00e9s do <strong><a href=\"https:\/\/www.facebook.com\/pg\/princesaisabelgourmet\/\">Facebook<\/a> <\/strong>e <strong><a href=\"https:\/\/www.instagram.com\/princesaisabelgourmet\/\">Instagram<\/a> <\/strong>ou nos telefones:\u00a0 (24) 3065-3133 | (24) 98849-9498.<\/p>\n<p><a href=\"http:\/\/princesaisabelgourmet.com.br\/restaurante\/horarios\/\"><strong>Clique aqui e conhe\u00e7a nosso hor\u00e1rio de funcionamento<\/strong><\/a>.<\/div><\/div>\n<hr \/>\n<a href=\"http:\/\/princesaisabelgourmet.com.br\/restaurante\/wp-content\/uploads\/2025\/06\/cardapio_jun_2025.pdf\" class=\"su-button su-button-style-glass\" style=\"color:#FFFFFF;background-color:#821c05;border-color:#681704;border-radius:8px\" target=\"_self\"><span style=\"color:#FFFFFF;padding:7px 22px;font-size:17px;line-height:26px;border-color:#a86150;border-radius:8px;text-shadow:none\"><i class=\"sui sui-instagram\" style=\"font-size:17px;color:#FFFFFF\"><\/i> BAIXAR CAT\u00c1LOGO AQUI<\/span><\/a>\n<h3><strong><a href=\"http:\/\/princesaisabelgourmet.com.br\/restaurante\/wp-content\/uploads\/2025\/06\/cardapio_jun_2025.pdf\" target=\"_blank\" rel=\"noopener noreferrer\">Clique para fazer download do Card\u00e1pio em PDF<\/a><\/strong><\/h3>\n<h3>Conhe\u00e7a as op\u00e7\u00f5es do <strong>Restaurante Princesa Isabel Gourmet<\/strong>!<\/h3>\n<div class=\"su-document su-u-responsive-media-yes\"><iframe loading=\"lazy\" src=\"\/\/docs.google.com\/viewer?embedded=true&url=http:\/\/princesaisabelgourmet.com.br\/restaurante\/wp-content\/uploads\/2023\/03\/cardapio_novo.pdf\" width=\"600\" height=\"400\" class=\"su-document\" title=\"\"><\/iframe><\/div>\n<p>&nbsp;<\/p>\n<p>Tem d\u00favida sobre nosso card\u00e1pio? <a href=\"http:\/\/princesaisabelgourmet.com.br\/restaurante\/reservas\/\">Clique aqui e fale conosco!<\/a><br \/>\nFa\u00e7a contato conosco atrav\u00e9s do <strong><a href=\"https:\/\/www.facebook.com\/pg\/princesaisabelgourmet\/\">Facebook<\/a> <\/strong>e <strong><a href=\"https:\/\/www.instagram.com\/princesaisabelgourmet\/\">Instagram<\/a> <\/strong>ou nos telefones:\u00a0 (24) 3065-3133 | (24) 98849-9498.<\/p>\n<a href=\"https:\/\/www.instagram.com\/princesaisabelgourmet\" class=\"su-button su-button-style-default\" style=\"color:#FFFFFF;background-color:#df26c4;border-color:#b31f9d;border-radius:12px\" target=\"_blank\" rel=\"noopener noreferrer\"><span style=\"color:#FFFFFF;padding:9px 30px;font-size:22px;line-height:33px;border-color:#e968d6;border-radius:12px;text-shadow:none\"><i class=\"sui sui-instagram\" style=\"font-size:22px;color:#FFFFFF\"><\/i> NOVIDADES NO INSTAGRAM<\/span><\/a>\n","protected":false},"excerpt":{"rendered":"<p>Sediado no local mais charmoso de o Restaurante Princesa Isabel Gourmet oferece op\u00e7\u00f5es de pratos gourmet com servi\u00e7o a la carte!<\/p>\n","protected":false},"author":1,"featured_media":889,"parent":0,"menu_order":0,"comment_status":"closed","ping_status":"closed","template":"page-templates\/template-services.php","meta":{"footnotes":"","_links_to":"","_links_to_target":""},"class_list":["post-17","page","type-page","status-publish","has-post-thumbnail","hentry"],"_links":{"self":[{"href":"http:\/\/princesaisabelgourmet.com.br\/restaurante\/wp-json\/wp\/v2\/pages\/17","targetHints":{"allow":["GET"]}}],"collection":[{"href":"http:\/\/princesaisabelgourmet.com.br\/restaurante\/wp-json\/wp\/v2\/pages"}],"about":[{"href":"http:\/\/princesaisabelgourmet.com.br\/restaurante\/wp-json\/wp\/v2\/types\/page"}],"author":[{"embeddable":true,"href":"http:\/\/princesaisabelgourmet.com.br\/restaurante\/wp-json\/wp\/v2\/users\/1"}],"replies":[{"embeddable":true,"href":"http:\/\/princesaisabelgourmet.com.br\/restaurante\/wp-json\/wp\/v2\/comments?post=17"}],"version-history":[{"count":53,"href":"http:\/\/princesaisabelgourmet.com.br\/restaurante\/wp-json\/wp\/v2\/pages\/17\/revisions"}],"predecessor-version":[{"id":1011,"href":"http:\/\/princesaisabelgourmet.com.br\/restaurante\/wp-json\/wp\/v2\/pages\/17\/revisions\/1011"}],"wp:featuredmedia":[{"embeddable":true,"href":"http:\/\/princesaisabelgourmet.com.br\/restaurante\/wp-json\/wp\/v2\/media\/889"}],"wp:attachment":[{"href":"http:\/\/princesaisabelgourmet.com.br\/restaurante\/wp-json\/wp\/v2\/media?parent=17"}],"curies":[{"name":"wp","href":"https:\/\/api.w.org\/{rel}","templated":true}]}}