{"id":119,"date":"2018-07-04T22:25:54","date_gmt":"2018-07-04T22:25:54","guid":{"rendered":"http:\/\/princesaisabelgourmet.com.br\/restaurante\/?page_id=119"},"modified":"2023-03-29T19:40:18","modified_gmt":"2023-03-29T19:40:18","slug":"cardapio-gourmet-e-excelente-ambiente","status":"publish","type":"page","link":"http:\/\/princesaisabelgourmet.com.br\/restaurante\/cardapio-gourmet-e-excelente-ambiente\/","title":{"rendered":"Um Card\u00e1pio Gourmet Delicioso!"},"content":{"rendered":"<p>Deguste no Restaurante Princesa Isabel Gourmet Pratos \u00e0 La Carte e Rod\u00edzio de Fondue Tradicional ou no estilo Sui\u00e7o!<\/p>\n","protected":false},"excerpt":{"rendered":"<p>Deguste no Restaurante Princesa Isabel Gourmet Pratos \u00e0 La Carte e Rod\u00edzio de Fondue Tradicional ou no estilo Sui\u00e7o!<\/p>\n","protected":false},"author":1,"featured_media":920,"parent":0,"menu_order":0,"comment_status":"closed","ping_status":"closed","template":"","meta":{"footnotes":"","_links_to":"","_links_to_target":""},"class_list":["post-119","page","type-page","status-publish","has-post-thumbnail","hentry"],"_links":{"self":[{"href":"http:\/\/princesaisabelgourmet.com.br\/restaurante\/wp-json\/wp\/v2\/pages\/119","targetHints":{"allow":["GET"]}}],"collection":[{"href":"http:\/\/princesaisabelgourmet.com.br\/restaurante\/wp-json\/wp\/v2\/pages"}],"about":[{"href":"http:\/\/princesaisabelgourmet.com.br\/restaurante\/wp-json\/wp\/v2\/types\/page"}],"author":[{"embeddable":true,"href":"http:\/\/princesaisabelgourmet.com.br\/restaurante\/wp-json\/wp\/v2\/users\/1"}],"replies":[{"embeddable":true,"href":"http:\/\/princesaisabelgourmet.com.br\/restaurante\/wp-json\/wp\/v2\/comments?post=119"}],"version-history":[{"count":13,"href":"http:\/\/princesaisabelgourmet.com.br\/restaurante\/wp-json\/wp\/v2\/pages\/119\/revisions"}],"predecessor-version":[{"id":656,"href":"http:\/\/princesaisabelgourmet.com.br\/restaurante\/wp-json\/wp\/v2\/pages\/119\/revisions\/656"}],"wp:featuredmedia":[{"embeddable":true,"href":"http:\/\/princesaisabelgourmet.com.br\/restaurante\/wp-json\/wp\/v2\/media\/920"}],"wp:attachment":[{"href":"http:\/\/princesaisabelgourmet.com.br\/restaurante\/wp-json\/wp\/v2\/media?parent=119"}],"curies":[{"name":"wp","href":"https:\/\/api.w.org\/{rel}","templated":true}]}}