{"id":116,"date":"2018-07-04T22:22:12","date_gmt":"2018-07-04T22:22:12","guid":{"rendered":"http:\/\/princesaisabelgourmet.com.br\/restaurante\/?page_id=116"},"modified":"2023-03-29T19:42:14","modified_gmt":"2023-03-29T19:42:14","slug":"comemore-conosco-seus-melhores-momentos","status":"publish","type":"page","link":"http:\/\/princesaisabelgourmet.com.br\/restaurante\/comemore-conosco-seus-melhores-momentos\/","title":{"rendered":"Re\u00fana os Amigos e a Fam\u00edlia&#8230;"},"content":{"rendered":"<p>Re\u00fana os amigos e fam\u00edlia e desfrute momentos deliciosos no Restaurante Princesa Isabel Gourmet!<\/p>\n","protected":false},"excerpt":{"rendered":"<p>Re\u00fana os amigos e fam\u00edlia e desfrute momentos deliciosos no Restaurante Princesa Isabel Gourmet!<\/p>\n","protected":false},"author":1,"featured_media":921,"parent":0,"menu_order":0,"comment_status":"closed","ping_status":"closed","template":"","meta":{"footnotes":"","_links_to":"","_links_to_target":""},"class_list":["post-116","page","type-page","status-publish","has-post-thumbnail","hentry"],"_links":{"self":[{"href":"http:\/\/princesaisabelgourmet.com.br\/restaurante\/wp-json\/wp\/v2\/pages\/116","targetHints":{"allow":["GET"]}}],"collection":[{"href":"http:\/\/princesaisabelgourmet.com.br\/restaurante\/wp-json\/wp\/v2\/pages"}],"about":[{"href":"http:\/\/princesaisabelgourmet.com.br\/restaurante\/wp-json\/wp\/v2\/types\/page"}],"author":[{"embeddable":true,"href":"http:\/\/princesaisabelgourmet.com.br\/restaurante\/wp-json\/wp\/v2\/users\/1"}],"replies":[{"embeddable":true,"href":"http:\/\/princesaisabelgourmet.com.br\/restaurante\/wp-json\/wp\/v2\/comments?post=116"}],"version-history":[{"count":9,"href":"http:\/\/princesaisabelgourmet.com.br\/restaurante\/wp-json\/wp\/v2\/pages\/116\/revisions"}],"predecessor-version":[{"id":652,"href":"http:\/\/princesaisabelgourmet.com.br\/restaurante\/wp-json\/wp\/v2\/pages\/116\/revisions\/652"}],"wp:featuredmedia":[{"embeddable":true,"href":"http:\/\/princesaisabelgourmet.com.br\/restaurante\/wp-json\/wp\/v2\/media\/921"}],"wp:attachment":[{"href":"http:\/\/princesaisabelgourmet.com.br\/restaurante\/wp-json\/wp\/v2\/media?parent=116"}],"curies":[{"name":"wp","href":"https:\/\/api.w.org\/{rel}","templated":true}]}}